{"id":1878,"date":"2021-10-12T12:24:00","date_gmt":"2021-10-12T10:24:00","guid":{"rendered":"https:\/\/podgorjesg.splet.arnes.si\/?page_id=1878"},"modified":"2026-03-09T09:38:25","modified_gmt":"2026-03-09T08:38:25","slug":"pravilniki-in-obrazci","status":"publish","type":"page","link":"https:\/\/ospodgorje.si\/?page_id=1878","title":{"rendered":"Pravilniki in obrazci"},"content":{"rendered":"\n<p><\/p>\n\n\n\n<p><strong>PRAVILNIKI<\/strong><\/p>\n\n\n\n<p><a href=\"https:\/\/ospodgorje.si\/files\/2025\/09\/Pravila-solskega-reda-novo-2025-1.pdf\" data-type=\"link\" data-id=\"https:\/\/ospodgorje.si\/files\/2025\/09\/Pravila-solskega-reda-novo-2025-1.pdf\" target=\"_blank\" rel=\"noreferrer noopener\">Pravila \u0161olskega reda<\/a><\/p>\n\n\n\n<p><a href=\"https:\/\/ospodgorje.si\/files\/2024\/12\/Hisni-red-splet-2024-novo.pdf\" data-type=\"link\" data-id=\"https:\/\/ospodgorje.si\/files\/2024\/12\/Hisni-red-splet-2024-novo.pdf\" target=\"_blank\" rel=\"noreferrer noopener\">Hi\u0161ni red<\/a><\/p>\n\n\n\n<p><a href=\"https:\/\/ospodgorje.si\/files\/2025\/02\/img20250226_13265159.pdf\" data-type=\"link\" data-id=\"https:\/\/ospodgorje.si\/files\/2025\/02\/img20250226_13265159.pdf\" target=\"_blank\" rel=\"noreferrer noopener\">Pravila o \u0161olski prehrani<\/a><\/p>\n\n\n\n<p><a href=\"https:\/\/ospodgorje.si\/files\/2025\/09\/Prometno-varnostni-nacrt-os-podgorje-2025-26.pdf\" data-type=\"link\" data-id=\"https:\/\/ospodgorje.si\/files\/2025\/09\/Prometno-varnostni-nacrt-os-podgorje-2025-26.pdf\" target=\"_blank\" rel=\"noreferrer noopener\">Na\u010drt \u0161olskih poti<\/a><\/p>\n\n\n\n<p><a href=\"https:\/\/ospodgorje.si\/files\/2025\/10\/Publikacija-sole-2025-2026-1.pdf\" data-type=\"link\" data-id=\"https:\/\/ospodgorje.si\/files\/2025\/10\/Publikacija-sole-2025-2026-1.pdf\" target=\"_blank\" rel=\"noreferrer noopener\">\u0160olska publikacija &#8211; e-oblika kot &#8220;Podatki teko\u010dega \u0161olskega leta&#8221;<\/a><\/p>\n\n\n\n<p><a href=\"https:\/\/ospodgorje.si\/files\/2026\/03\/POSLOVNIK-PRITOZBENE-KOMISIJE-OSNOVNE-SOLE-PODGORJE-dopolnjen-marec.pdf\" data-type=\"link\" data-id=\"https:\/\/ospodgorje.si\/files\/2026\/03\/POSLOVNIK-PRITOZBENE-KOMISIJE-OSNOVNE-SOLE-PODGORJE-dopolnjen-marec.pdf\" target=\"_blank\" rel=\"noreferrer noopener\">Poslovnik prito\u017ebene komisije<\/a><\/p>\n\n\n\n<p><strong>OBRAZCI<\/strong><\/p>\n\n\n\n<p><a href=\"https:\/\/ospodgorje.si\/files\/2024\/03\/VLOGA-2024-2025.pdf\" data-type=\"link\" data-id=\"https:\/\/ospodgorje.si\/files\/2024\/03\/VLOGA-2024-2025.pdf\" target=\"_blank\" rel=\"noreferrer noopener\">VLOGA ZA BREZPLA\u010cEN ORGANIZIRAN PREVOZ, ZA VKLJU\u010cITEV V ORGANIZIRAN \u0160OLSKI PREVOZ Z DOPLA\u010cILOM OZ. ZA POVRA\u010cILO STRO\u0160KOV PREVOZA<\/a><\/p>\n\n\n\n<p><a href=\"https:\/\/ospodgorje.si\/files\/2021\/10\/IZJAVA-ZA-PREJEMANJE-E-racunov.pdf\" target=\"_blank\" rel=\"noreferrer noopener\">Izjava za prejemanje e-ra\u010duna v spletno banko<\/a><\/p>\n\n\n\n<p><a href=\"https:\/\/ospodgorje.si\/files\/2021\/10\/Prostovoljni-prispevki-solski-sklad-splet-2021.pdf\" target=\"_blank\" rel=\"noreferrer noopener\">Obrazec za prostovoljni prispevek za \u0161olski sklad<\/a><\/p>\n\n\n\n<p><a rel=\"noreferrer noopener\" href=\"https:\/\/ospodgorje.si\/files\/2021\/10\/Vloga-solski-sklad-OSPodgorje-splet-2021.pdf\" target=\"_blank\">Vloga za dodelitev pomo\u010di iz \u0161olskega sklada<\/a><\/p>\n\n\n\n<p><a href=\"https:\/\/ospodgorje.si\/files\/2022\/11\/Opravicilo-starsev-primer.docx\" target=\"_blank\" rel=\"noreferrer noopener\">Primer Opravi\u010dila za odsotnost otrok<\/a><\/p>\n\n\n\n<p><a href=\"https:\/\/ospodgorje.si\/files\/2025\/09\/Vloga-starsev-za-dodelitev-statusa-mladega-umetnika.doc\" target=\"_blank\" rel=\"noreferrer noopener\">Vloga star\u0161ev za dodelitev statusa mladega umetnika<\/a><\/p>\n\n\n\n<p><a href=\"https:\/\/ospodgorje.si\/files\/2025\/09\/Vloga-starsev-za-dodelitev-statusa-sportnika-OS-Podgorje-pri-Slovenj-Gradec-obrazec.doc\" data-type=\"link\" data-id=\"https:\/\/ospodgorje.si\/files\/2025\/09\/Vloga-starsev-za-dodelitev-statusa-sportnika-OS-Podgorje-pri-Slovenj-Gradec-obrazec.doc\" target=\"_blank\" rel=\"noreferrer noopener\">Vloga star\u0161ev za dodelitev statusa \u0161portnika &#8211; O\u0160 Podgorje p\u2026<\/a><\/p>\n\n\n\n<p><a href=\"https:\/\/ospodgorje.si\/files\/2025\/09\/Vloga-starsev-za-podaljsanje-statusa-sportnika.doc\" data-type=\"link\" data-id=\"https:\/\/ospodgorje.si\/files\/2025\/09\/Vloga-starsev-za-podaljsanje-statusa-sportnika.doc\" target=\"_blank\" rel=\"noreferrer noopener\">Vloga star\u0161ev za podalj\u0161anje statusa \u0161portnika<\/a><\/p>\n\n\n\n<p><a href=\"https:\/\/ospodgorje.si\/files\/2025\/09\/Vloga-starsev-za-podaljsanje-statusa-mladega-umetnika.doc\" data-type=\"link\" data-id=\"https:\/\/ospodgorje.si\/files\/2025\/09\/Vloga-starsev-za-podaljsanje-statusa-mladega-umetnika.doc\" target=\"_blank\" rel=\"noreferrer noopener\">Vloga star\u0161ev za podalj\u0161anje statusa mladega umetnika<\/a><\/p>\n\n\n\n<p><\/p>\n","protected":false},"excerpt":{"rendered":"<p>PRAVILNIKI Pravila \u0161olskega reda Hi\u0161ni red Pravila o \u0161olski prehrani Na\u010drt \u0161olskih poti \u0160olska publikacija &#8211; e-oblika kot &#8220;Podatki teko\u010dega \u0161olskega leta&#8221; Poslovnik prito\u017ebene komisije OBRAZCI VLOGA ZA BREZPLA\u010cEN ORGANIZIRAN PREVOZ, ZA VKLJU\u010cITEV V&#46;&#46;&#46;<\/p>\n","protected":false},"author":25249,"featured_media":0,"parent":0,"menu_order":0,"comment_status":"closed","ping_status":"closed","template":"","meta":{"ngg_post_thumbnail":0,"footnotes":""},"class_list":["post-1878","page","type-page","status-publish","hentry"],"_links":{"self":[{"href":"https:\/\/ospodgorje.si\/index.php?rest_route=\/wp\/v2\/pages\/1878","targetHints":{"allow":["GET"]}}],"collection":[{"href":"https:\/\/ospodgorje.si\/index.php?rest_route=\/wp\/v2\/pages"}],"about":[{"href":"https:\/\/ospodgorje.si\/index.php?rest_route=\/wp\/v2\/types\/page"}],"author":[{"embeddable":true,"href":"https:\/\/ospodgorje.si\/index.php?rest_route=\/wp\/v2\/users\/25249"}],"replies":[{"embeddable":true,"href":"https:\/\/ospodgorje.si\/index.php?rest_route=%2Fwp%2Fv2%2Fcomments&post=1878"}],"version-history":[{"count":15,"href":"https:\/\/ospodgorje.si\/index.php?rest_route=\/wp\/v2\/pages\/1878\/revisions"}],"predecessor-version":[{"id":9601,"href":"https:\/\/ospodgorje.si\/index.php?rest_route=\/wp\/v2\/pages\/1878\/revisions\/9601"}],"wp:attachment":[{"href":"https:\/\/ospodgorje.si\/index.php?rest_route=%2Fwp%2Fv2%2Fmedia&parent=1878"}],"curies":[{"name":"wp","href":"https:\/\/api.w.org\/{rel}","templated":true}]}}