{"id":2770,"date":"2022-10-28T14:39:59","date_gmt":"2022-10-28T12:39:59","guid":{"rendered":"https:\/\/podgorjesg.splet.arnes.si\/?page_id=2770"},"modified":"2025-10-01T18:29:33","modified_gmt":"2025-10-01T16:29:33","slug":"mladi-raziskovalci","status":"publish","type":"page","link":"https:\/\/ospodgorje.si\/?page_id=2770","title":{"rendered":"Mladi raziskovalci"},"content":{"rendered":"\n<p>Na\u0161i u\u010denci zelo uspe\u0161no sodelujejo v<strong> <span class=\"has-inline-color has-vivid-red-color\">Gibanju Mladi raziskovalci Koro\u0161ke<\/span><\/strong> (MRK). Gibanje MRK poteka v sodelovanju z Zvezo za tehni\u010dno kulturo Slovenije. Sodelujejo u\u010denci sedmih, osmih in devetih razredov, ki \u017eelijo z raziskovalnimi nalogami ter inovativnimi projekti poglabljati svoje znanje in razvijati ustvarjalnost. <\/p>\n\n\n\n<p>Izberejo lahko teme iz razli\u010dnih podro\u010dij:<\/p>\n\n\n\n<p>1. astronomija ali fizika,<br>2. biologija,<br>3. biotehnologija, gozdarstvo, kmetijstvo ali veterina,<br>4. ekologija z varstvom okolja,<br>5. etnologija,<br>6. farmacija, medicina ali zdravstvo<br>7. matematika ali logika,<br>8. kemija ali kemijska tehnologija,<br>9. psihologija ali pedagogika,<br>10. ekonomija ali turizem,<br>11. geografija ali geologija,<br>12. slovenski jezik ali knji\u017eevnost,<br>13. filozofija ali sociologija,<br>14. zgodovina ali umetnostna zgodovina,<br>15. interdisciplinarna podro\u010dja, 1<br>16. druga podro\u010dja, 2<br>17. elektrotehnika, elektronika in robotika,<br>18. arhitektura, gradbeni\u0161tvo ali promet,<br>19. ra\u010dunalni\u0161tvo ali telekomunikacije,<br>20. tehnika ali tehnologija (tekstil, lesarstvo, strojni\u0161tvo idr.),<br>21. aplikativni inovacijski predlogi in projekti.<\/p>\n\n\n\n<p><strong><span class=\"has-inline-color has-vivid-red-color\">RAZISKOVALNE NALOGE SO PREDSTAVILI<\/span><\/strong> javno pred komisijo. Na predstavitvi so morali odgovarjati na vpra\u0161anja komisije in poslu\u0161alcev.<br>Prav tako so morali jasno in strokovno predstaviti, s katerim namenom so nalogo izdelali, izvirnost svojega raziskovanja, cilje ali hipoteze, strnjene rezultate in bistvo naloge brez navajanja nepotrebnih podatkov.<\/p>\n\n\n\n<p>Za vsakoletne odli\u010dne dose\u017eke na tem podro\u010dju jim \u010cESTITAMO, prav tako tudi njihovim mentorjem!<\/p>\n\n\n\n<p><\/p>\n\n\n\n<p><strong><span class=\"has-inline-color has-vivid-red-color\">SEZNAM OPRAVLJENIH RAZISKOVALNIH NALOG PO LETIH:<\/span><\/strong><\/p>\n\n\n\n<p><\/p>\n\n\n\n<figure class=\"wp-block-table is-style-regular\"><table><tbody><tr><td>LETO izdelave<\/td><td>Naslov in pdf datoteka (povezava)<\/td><td>Avtorji<\/td><td>Mentorji<\/td><\/tr><tr><td>2025<\/td><td><a href=\"https:\/\/ospodgorje.si\/files\/2025\/10\/VECNAMENSKA-DVORANA-7.4.2025.pdf\" data-type=\"link\" data-id=\"https:\/\/ospodgorje.si\/files\/2025\/10\/VECNAMENSKA-DVORANA-7.4.2025.pdf\" target=\"_blank\" rel=\"noreferrer noopener\">VE\u010cNAMENSKA DVORANA<\/a><\/td><td>Anja Zapon\u0161ek, Maja Glasen\u010dnik<\/td><td>Tanja Glasen\u010dnik, uni. dipl. ped.<\/td><\/tr><tr><td>2025<\/td><td><a href=\"https:\/\/ospodgorje.si\/files\/2025\/10\/Skrivnosti-zgodovine-zupnijske-cerkve-sv.-Danijela-na-Razborju-koncana.pdf\" data-type=\"link\" data-id=\"https:\/\/ospodgorje.si\/files\/2025\/10\/Skrivnosti-zgodovine-zupnijske-cerkve-sv.-Danijela-na-Razborju-koncana.pdf\" target=\"_blank\" rel=\"noreferrer noopener\">SKRIVNOSTI ZGODOVINE \u017dUPNIJSKE<br>CERKVE SV. DANIJELA NA RAZBORJU<\/a><\/td><td>Natalija Triplat<\/td><td>Tanja Glasen\u010dnik, uni. dipl. ped.<\/td><\/tr><tr><td>2025<\/td><td><a href=\"https:\/\/ospodgorje.si\/files\/2025\/10\/Zaslon-zasloni-in-si-zdravje-nakloni-1.pdf\" data-type=\"link\" data-id=\"https:\/\/ospodgorje.si\/files\/2025\/10\/Zaslon-zasloni-in-si-zdravje-nakloni-1.pdf\" target=\"_blank\" rel=\"noreferrer noopener\">ZASLON ZASLONI IN SI ZDRAVJE NAKLONI<\/a><\/td><td>O\u017ebej Horvat<\/td><td>Helena Korat, prof.<\/td><\/tr><tr><td>2024<\/td><td><a href=\"https:\/\/ospodgorje.si\/files\/2025\/10\/Plesivski-dvor.pdf\" data-type=\"link\" data-id=\"https:\/\/ospodgorje.si\/files\/2025\/10\/Plesivski-dvor.pdf\" target=\"_blank\" rel=\"noreferrer noopener\">PLE\u0160IV\u0160KI DVOR<\/a><\/td><td>Kati Jonke Grabner, Maja Glasen\u010dnik<\/td><td>Tanja Glasen\u010dnik, uni. dipl. ped.<\/td><\/tr><tr><td>2024<\/td><td><a href=\"https:\/\/ospodgorje.si\/files\/2025\/10\/raziskovalna-naloga-Obicaji-v-kraju-Jajcarija.pdf\" data-type=\"link\" data-id=\"https:\/\/ospodgorje.si\/files\/2025\/10\/raziskovalna-naloga-Obicaji-v-kraju-Jajcarija.pdf\" target=\"_blank\" rel=\"noreferrer noopener\">OBI\u010cAJI V KRAJU<br>JAJ\u010cARIJA<\/a><\/td><td>Natalija Triplat<\/td><td>Tanja Glasen\u010dnik, uni. dipl. ped.<\/td><\/tr><tr><td>2024<\/td><td><a href=\"https:\/\/ospodgorje.si\/files\/2025\/10\/Razvoj-grajske-arhitekture-od-srednjega-veka-do-danes.pdf\" data-type=\"link\" data-id=\"https:\/\/ospodgorje.si\/files\/2025\/10\/Razvoj-grajske-arhitekture-od-srednjega-veka-do-danes.pdf\" target=\"_blank\" rel=\"noreferrer noopener\">RAZVOJ GRAJSKE ARHITEKTURE: OD<br>SREDNJEGA VEKA DO DANES<\/a><\/td><td>Vita \u0160tumpfl, Lena \u0160tumpfl<\/td><td>Andrej Glasen\u010dnik, prof.<\/td><\/tr><tr><td>2023<\/td><td><a href=\"https:\/\/ospodgorje.si\/files\/2023\/10\/Uporaba-3d-tiskalnika-v-soli-koncna.pdf\" target=\"_blank\" rel=\"noreferrer noopener\">UPORABA 3D TISKALNIKA V \u0160OLI<\/a><\/td><td>Lado Erjavec<\/td><td>Andrej Glasen\u010dnik, prof.<\/td><\/tr><tr><td>2023<\/td><td><a href=\"https:\/\/ospodgorje.si\/files\/2023\/10\/RAK-PLJUC.pdf\" target=\"_blank\" rel=\"noreferrer noopener\">RAK PLJU\u010c<\/a><\/td><td>Neja Vindi\u0161<\/td><td>Tanja Glasen\u010dnik, uni. dipl. ped., Erika Hurspahi\u0107<\/td><\/tr><tr><td>2023<\/td><td><a href=\"https:\/\/ospodgorje.si\/files\/2023\/10\/K-vihi-se-prpravla-koncna.pdf\" target=\"_blank\" rel=\"noreferrer noopener\">\u00bbK VIHI SE PRPRAVLA\u00ab<\/a><\/td><td>Kati Jonke Grabner, Maja Glasen\u010dnik<\/td><td>Andrej Glasen\u010dnik, prof.<\/td><\/tr><tr><td>2022<\/td><td><a href=\"https:\/\/ospodgorje.si\/files\/2022\/10\/2022-AVTIZEM-Ziva-Garbus-Mojca-Santner.pdf\" target=\"_blank\" rel=\"noreferrer noopener\">AVTIZEM<\/a><\/td><td>\u017diva Garbus, Mojca Santner<\/td><td>Tanja Glasen\u010dnik, uni. dipl. ped.<\/td><\/tr><tr><td>2022<\/td><td><a rel=\"noreferrer noopener\" href=\"https:\/\/ospodgorje.si\/files\/2022\/10\/2022-VPLIV-KOSTANJEVIH-TANINOV-NA-RAST-DROBNICE-Neza-Mazej.pdf\" target=\"_blank\">VPLIV KOSTANJEVIH TANINOV NA RAST DROBNICE<\/a> <\/td><td>Ne\u017ea Mazej<\/td><td>Tanja Glasen\u010dnik, uni. dipl. ped., dr. Andreja Komprej<\/td><\/tr><tr><td>2022<\/td><td><a rel=\"noreferrer noopener\" href=\"https:\/\/ospodgorje.si\/files\/2022\/10\/2022-CERKVE-NASEGA-KRAJA-Mojcej-Jonke-Grabner-Manca-Urbanc-Lara-Glasencnik.pdf\" target=\"_blank\">CERKVE NA\u0160EGA KRAJA<\/a> <\/td><td>Mojcej Jonke Grabner, Manca Urbanc, Lara Glasen\u010dnik<\/td><td>Tanja Glasen\u010dnik, uni. dipl. ped. <\/td><\/tr><tr><td>2021<\/td><td><a rel=\"noreferrer noopener\" href=\"https:\/\/ospodgorje.si\/files\/2022\/10\/2021-Mlecni-izdelki-SIR-Neja-Vindis.pdf\" target=\"_blank\">Mle\u010dni izdelki SIR <\/a> <\/td><td>Neja Vindi\u0161<\/td><td>Tanja Glasen\u010dnik, uni. dipl. ped.<\/td><\/tr><tr><td>2021<\/td><td><a rel=\"noreferrer noopener\" href=\"https:\/\/ospodgorje.si\/files\/2022\/10\/2021-IZOBRAZEVANJE-NA-DALJAVO-Neza-Mazej-Mojcej-Jonke-Grabner-Nina-Zaponsek.pdf\" target=\"_blank\">IZOBRA\u017dEVANJE NA DALJAVO<\/a> <\/td><td>Ne\u017ea Mazej, Mojcej Jonke Grabner, Nina Zapon\u0161ek<\/td><td>Tanja Glasen\u010dnik, uni. dipl. ped.<\/td><\/tr><tr><td>2021<\/td><td><a rel=\"noreferrer noopener\" href=\"https:\/\/ospodgorje.si\/files\/2022\/10\/2021-MOJ-DOMACI-KRAJ-Hana-Gostecnik-Manca-Urbanc-Lara-Glasencnik.pdf\" target=\"_blank\">MOJ DOMA\u010cI KRAJ<\/a> <\/td><td>Hana Goste\u010dnik, Manca Urbanc, Lara Glasen\u010dnik<\/td><td>Andrej Glasen\u010dnik, prof., Tanja Glasen\u010dnik, uni. dipl. ped.<\/td><\/tr><tr><td>2019<\/td><td><a rel=\"noreferrer noopener\" href=\"https:\/\/ospodgorje.si\/files\/2022\/10\/2019-Anoreksija-in-bulimija-Eneja-Svetec-Spela-Hribersek.pdf\" target=\"_blank\">Anoreksija in bulimija<\/a> <\/td><td>Eneja Svetec, \u0160pela Hriber\u0161ek<\/td><td>Maja Sovi\u010d<\/td><\/tr><tr><td>2019<\/td><td><a rel=\"noreferrer noopener\" href=\"https:\/\/ospodgorje.si\/files\/2022\/10\/2019-Graska-Gora-poje-in-igra-Ana-Filip-Plazl-Julija-Belovic.pdf\" target=\"_blank\">Gra\u0161ka Gora poje in igra<\/a> <\/td><td>Ana Filip Plazl, Julija Belovi\u010d<\/td><td>Tanja Glasen\u010dnik, uni. dipl. ped.<\/td><\/tr><tr><td>2017<\/td><td><a rel=\"noreferrer noopener\" href=\"https:\/\/ospodgorje.si\/files\/2022\/10\/2017-Obvladovanje-sladkorne-bolezni-Blazka-Knap.pdf\" target=\"_blank\">Obvladovanje sladkorne bolezni<\/a> <\/td><td>Bla\u017eka Knap<\/td><td>mag. Majda Tam\u0161e Horvat<\/td><\/tr><tr><td>2017<\/td><td><a rel=\"noreferrer noopener\" href=\"https:\/\/ospodgorje.si\/files\/2022\/10\/2017-Sporhert-ali-stedilnik.-Jasmina-Andrejc.pdf\" target=\"_blank\">\u0160porhert ali \u0161tedilnik<\/a> <\/td><td>Jasmina Andrejc<\/td><td>Irena Rubin Smolar, prof.<\/td><\/tr><tr><td>2017<\/td><td><a rel=\"noreferrer noopener\" href=\"https:\/\/ospodgorje.si\/files\/2022\/10\/2017-Preusmerjena-pozornost-Tajda-Paradiz.pdf\" target=\"_blank\">Preusmerjena pozornost<\/a> <\/td><td>Tajda Paradi\u017e<\/td><td>Helena Korat, prof.<\/td><\/tr><tr><td>2016<\/td><td><a rel=\"noreferrer noopener\" href=\"https:\/\/ospodgorje.si\/files\/2022\/10\/2016-Geografska-ucilnica-na-prostem-Miha-Kristofelc.pdf\" target=\"_blank\">Geografska u\u010dilnica na prostem<\/a> <\/td><td>Miha Kri\u0161tofelc<\/td><td>Andrej Glasen\u010dnik, prof<\/td><\/tr><tr><td>2016<\/td><td><a rel=\"noreferrer noopener\" href=\"https:\/\/ospodgorje.si\/files\/2022\/10\/2016-Stare-hise-v-Podgorju-in-v-njegovi-okolici-Dora-Susec-Amadea-Buci.pdf\" target=\"_blank\">Stare hi\u0161e v Podgorju in v njegovi okolici<\/a> <\/td><td>Dora Su\u0161ec, Amadea Buci<\/td><td>Tanja Glasen\u010dnik, uni. dipl. ped.<\/td><\/tr><tr><td>2016<\/td><td><a rel=\"noreferrer noopener\" href=\"https:\/\/ospodgorje.si\/files\/2022\/10\/2016-Sadje-Ana-Spalir.pdf\" target=\"_blank\">Sadje<\/a> <\/td><td>Ana \u0160palir<\/td><td>Zvonka Uran<\/td><\/tr><tr><td>2016<\/td><td><a href=\"https:\/\/ospodgorje.si\/files\/2024\/05\/ZALA-PARADIZ-Kruh-nas-vsakdanji.pdf\" data-type=\"link\" data-id=\"https:\/\/ospodgorje.si\/files\/2024\/05\/ZALA-PARADIZ-Kruh-nas-vsakdanji.pdf\" target=\"_blank\" rel=\"noreferrer noopener\">Kruh na\u0161 vsakdanji<\/a><\/td><td>Zala Paradi\u017e<\/td><td>Helena Korat<\/td><\/tr><tr><td>2016<\/td><td><a rel=\"noreferrer noopener\" href=\"https:\/\/ospodgorje.si\/files\/2022\/10\/2016-Zajtrkuj-kot-kralj-Tajda-Paradiz.pdf\" target=\"_blank\">Zajtrkuj kot kralj <\/a> <\/td><td>Tajda Paradi\u017e<\/td><td>Helena Korat, prof. <\/td><\/tr><tr><td>2015<\/td><td><a rel=\"noreferrer noopener\" href=\"https:\/\/ospodgorje.si\/files\/2022\/10\/Raziskovalna-naloga_Konj-v-izlozbi_Ajda_Doler_Kaja_Skrivarnik_MajdaTamseHorvat.pdf\" target=\"_blank\">Konj v izlozbi<\/a> <\/td><td>Ajda Doler, Kaja Skrivarnik<\/td><td>Majda Tam\u0161e Horvat, prof.<\/td><\/tr><tr><td>2015<\/td><td><a href=\"https:\/\/ospodgorje.si\/files\/2024\/05\/uporaba-racunalnika-10.4.2015.pdf\" data-type=\"link\" data-id=\"https:\/\/ospodgorje.si\/files\/2024\/05\/uporaba-racunalnika-10.4.2015.pdf\" target=\"_blank\" rel=\"noreferrer noopener\">Uporaba ra\u010dunalnika in ra\u010dunalni\u0161ka pismenost<br>v osnovni \u0161oli<\/a><\/td><td>Miha Kri\u0161tofelc<\/td><td>Andrej Glasen\u010dnik<\/td><\/tr><tr><td>2015<\/td><td><a href=\"https:\/\/ospodgorje.si\/files\/2024\/05\/RAZNOLIKOST-KRISTALOV.pdf\" data-type=\"link\" data-id=\"https:\/\/ospodgorje.si\/files\/2024\/05\/RAZNOLIKOST-KRISTALOV.pdf\" target=\"_blank\" rel=\"noreferrer noopener\">Raznolikost kristalov snega<\/a><\/td><td>Maru\u0161a Lavrin\u0161ek, Anja Kac<\/td><td>Zvonka Uran<\/td><\/tr><tr><td>2015<\/td><td><a href=\"https:\/\/ospodgorje.si\/files\/2024\/05\/ljudski-obicaji.dokoncano-lektorirano-s-prevodom.pdf\" data-type=\"link\" data-id=\"https:\/\/ospodgorje.si\/files\/2024\/05\/ljudski-obicaji.dokoncano-lektorirano-s-prevodom.pdf\" target=\"_blank\" rel=\"noreferrer noopener\">Ljudski obi\u010daji v doma\u010dem kraju<\/a><\/td><td>An\u017ee Plazl Smolnikar<\/td><td>Tanja Glasen\u010dnik<\/td><\/tr><tr><td>2015<\/td><td><a href=\"https:\/\/ospodgorje.si\/files\/2024\/05\/Celiakija-razsikovalna-naloga.pdf\" data-type=\"link\" data-id=\"https:\/\/ospodgorje.si\/files\/2024\/05\/Celiakija-razsikovalna-naloga.pdf\" target=\"_blank\" rel=\"noreferrer noopener\">Celiakija \u2013 modna muha ali resno obolenje<\/a><\/td><td>Zala Paradi\u017e<\/td><td>Klavdija Sonjak<\/td><\/tr><tr><td>2014<\/td><td><a rel=\"noreferrer noopener\" href=\"https:\/\/ospodgorje.si\/files\/2022\/10\/2014-Ostrzek-na-soli-Nika-Matavs.pdf\" target=\"_blank\">Ostr\u017eek na \u0161oli<\/a> <\/td><td>Nika Matav\u0161<\/td><td>Tanja Glasen\u010dnik, uni. dipl. ped.<\/td><\/tr><tr><td><\/td><td><\/td><td><\/td><td><\/td><\/tr><tr><td><\/td><td><\/td><td><\/td><td><\/td><\/tr><\/tbody><\/table><\/figure>\n\n\n\n<p><\/p>\n\n\n\n<p><\/p>\n\n\n\n<p><\/p>\n\n\n\n<p><\/p>\n\n\n\n<p><\/p>\n\n\n\n<p><\/p>\n\n\n\n<p><\/p>\n\n\n\n<p><\/p>\n\n\n\n<p><\/p>\n\n\n\n<p><\/p>\n\n\n\n<p><\/p>\n\n\n\n<p><\/p>\n\n\n\n<p><\/p>\n","protected":false},"excerpt":{"rendered":"<p>Na\u0161i u\u010denci zelo uspe\u0161no sodelujejo v Gibanju Mladi raziskovalci Koro\u0161ke (MRK). Gibanje MRK poteka v sodelovanju z Zvezo za tehni\u010dno kulturo Slovenije. Sodelujejo u\u010denci sedmih, osmih in devetih razredov, ki \u017eelijo z raziskovalnimi nalogami&#46;&#46;&#46;<\/p>\n","protected":false},"author":25249,"featured_media":0,"parent":0,"menu_order":0,"comment_status":"closed","ping_status":"closed","template":"","meta":{"ngg_post_thumbnail":0,"footnotes":""},"class_list":["post-2770","page","type-page","status-publish","hentry"],"_links":{"self":[{"href":"https:\/\/ospodgorje.si\/index.php?rest_route=\/wp\/v2\/pages\/2770","targetHints":{"allow":["GET"]}}],"collection":[{"href":"https:\/\/ospodgorje.si\/index.php?rest_route=\/wp\/v2\/pages"}],"about":[{"href":"https:\/\/ospodgorje.si\/index.php?rest_route=\/wp\/v2\/types\/page"}],"author":[{"embeddable":true,"href":"https:\/\/ospodgorje.si\/index.php?rest_route=\/wp\/v2\/users\/25249"}],"replies":[{"embeddable":true,"href":"https:\/\/ospodgorje.si\/index.php?rest_route=%2Fwp%2Fv2%2Fcomments&post=2770"}],"version-history":[{"count":14,"href":"https:\/\/ospodgorje.si\/index.php?rest_route=\/wp\/v2\/pages\/2770\/revisions"}],"predecessor-version":[{"id":9040,"href":"https:\/\/ospodgorje.si\/index.php?rest_route=\/wp\/v2\/pages\/2770\/revisions\/9040"}],"wp:attachment":[{"href":"https:\/\/ospodgorje.si\/index.php?rest_route=%2Fwp%2Fv2%2Fmedia&parent=2770"}],"curies":[{"name":"wp","href":"https:\/\/api.w.org\/{rel}","templated":true}]}}