{"id":561,"date":"2020-11-25T16:08:22","date_gmt":"2020-11-25T15:08:22","guid":{"rendered":"http:\/\/podgorjesg.splet.arnes.si\/?page_id=561"},"modified":"2022-09-02T06:03:23","modified_gmt":"2022-09-02T04:03:23","slug":"zelena-pot","status":"publish","type":"page","link":"https:\/\/ospodgorje.si\/?page_id=561","title":{"rendered":"ZELENA POT"},"content":{"rendered":"\n<p>Zelena pot z zgodbo od Podgorja do Wiederdriesa (Vodri\u017ea) je \u0161olska u\u010dna pot, ki jo je v letu 2016 v okviru projektne dejavnosti vzpostavila Osnovna \u0161ola Podgorje pri Slovenj Gradcu v sodelovanju z ZGS OE Slovenj Gradec, Srednjo lesarsko \u0161olo Slovenj Gradec, podjetniki in drugimi. Gre za \u0161olsko u\u010dno pot, ki nam ob poti ponudi \u0161tevilne matemati\u010dne, naravoslovne in literarne naloge, predstavljene na informativnih tablah ter spremljajo\u010do zgodbo iz avtorske knjige Tisti grad tam nekje, ki je bila uprizorjena tudi na odru. Zelena pot z zgodbo je kro\u017ena u\u010dna pot, ki s svojo raznolikostjo omogo\u010da izvedbo dni dejavnostim (\u0161portni in naravoslovni dnevi), delavnice, dru\u017eenje. V objemu narave se sprehodimo po gozdovih, travnikih, gozdnih cestah, mimo kmetij, vse do \u010dudovitih razgledov proti Pohorju in Ur\u0161lji gori ter okoli\u0161kim hribom. U\u010dna pot se za\u010dne pri Osnovni \u0161oli Podgorje pri Slovenj Gradcu in vodi vse do razvalin gradu Wiederdries (Vodri\u017e). Na poti sledimo zeleno-belim markacijam ter zeleno-belim pu\u0161\u010dicam, smerokazom, ki ozna\u010dujejo pot. Dol\u017eina celotne poti je 9,3 km, kar predstavlja pribli\u017eno 4 ure hoje, medtem ko je kraj\u0161a pot dolga 5,9 km, kar lahko prehodimo pribli\u017eno v 2,5 urah. Pot je primerna za vse starostne skupine.<\/p>\n\n\n\n<p><strong>Opis poti Zavod za gozdove Slovenije<\/strong> (povezave):<\/p>\n\n\n\n<p><a rel=\"noreferrer noopener\" href=\"https:\/\/ospodgorje.si\/files\/2022\/09\/Opisni-obrazec-GUP.docx\" target=\"_blank\">Word dokument &#8211; opis poti<\/a><\/p>\n\n\n\n<p><a href=\"https:\/\/ospodgorje.si\/files\/2022\/09\/Table-GOZDNE-UCNE-POTI-in-skupni-plakat-1-sg.pdf\" target=\"_blank\" rel=\"noreferrer noopener\">Table GOZDNE U\u010cNE POTI in skupni plakat SG<\/a><\/p>\n\n\n\n<p><a href=\"https:\/\/ospodgorje.si\/files\/2022\/09\/DAN-ODPRTIH-VRAT-NA-GOZDNIH-UCNIH-POTEH-V-SLOVENIJI-22-april-2022-2.docx\" target=\"_blank\" rel=\"noreferrer noopener\">DAN ODPRTIH VRAT NA GOZDNIH U\u010cNIH POTEH V SLOVENIJI 22 april 2022<\/a><\/p>\n\n\n\n<p><a href=\"https:\/\/ospodgorje.si\/files\/2022\/09\/GOZDNE-UCNE-POTI-in-skupni-plakat-22-april-dan-odprtih-vrat.pdf\" target=\"_blank\" rel=\"noreferrer noopener\">GOZDNE U\u010cNE POTI in skupni plakat 22 april dan odprtih vrat<\/a><\/p>\n\n\n\n<p><\/p>\n\n\n\n<p>Podrobnosti o poti si lahko \u0161e preberete in ogledate <a rel=\"noreferrer noopener\" href=\"http:\/\/podgorjesg.splet.arnes.si\/files\/2020\/11\/Zelena-pot-z-zgodbo-od-Podgorja-do-Wiederdriesa_zlozenka.pdf\" target=\"_blank\"><strong>v zlo\u017eenki (pdf povezava)<\/strong><\/a>, ki je v tiskani obliki dostopna tudi v Turisti\u010dni pisarni in na Osnovni \u0161oli Slovenj Gradec.<\/p>\n\n\n\n<div class=\"wp-block-image\"><figure class=\"aligncenter size-large\"><img loading=\"lazy\" decoding=\"async\" width=\"150\" height=\"150\" src=\"https:\/\/ospodgorje.si\/files\/2020\/11\/markacija.jpg\" alt=\"\" class=\"wp-image-731\" srcset=\"https:\/\/ospodgorje.si\/files\/2020\/11\/markacija.jpg 150w, https:\/\/ospodgorje.si\/files\/2020\/11\/markacija-90x90.jpg 90w, https:\/\/ospodgorje.si\/files\/2020\/11\/markacija-80x80.jpg 80w\" sizes=\"auto, (max-width: 150px) 100vw, 150px\" \/><\/figure><\/div>\n\n\n\n<hr class=\"wp-block-separator\" \/>\n\n\n\n<p><strong><span class=\"has-inline-color has-vivid-red-color\">NUJNO OBVESTILO: Pot je spremenjena v dolo\u010denem delu (Fidej), zato vas prosimo, da dosledno upo\u0161tevate smerokaze in markacije.<\/span><\/strong><\/p>\n\n\n\n<hr class=\"wp-block-separator\" \/>\n\n\n\n<p>Za\u010detna to\u010dka Zelene poti z zgodbo je pred osnovno \u0161olo, kjer se nahaja tudi prva informativna tabla z velikim zemljevidom poti. Od \u0161ole se pot usmeri na desno in kraj\u0161i \u010das vodi po glavni cesti do smerokaza z napisom \u00bbZelena pot z zgodbo do gradu Wiederdries\u00ab, ki nas usmeri v desno, na makadamsko pot. Kaj kmalu pridemo do druge informativne table, kjer princ Lovrencij in princesa Veronika prosita, da s pomo\u010djo likov zabele\u017eimo svojo prisotnost. Tako lahko ugotovimo, koliko raziskovalcev se je \u017ee podalo po Zeleni poti. Ker se to\u010dka nahaja nekaj metrov vi\u0161je od glavne ceste, se nam odpre tudi prelep pogled na okoli\u0161ke gozdove in vas Podgorje. Pot nadaljujemo dalje po makadamski poti, ki se po\u010dasi, a vztrajno vzpenja med gozdovi, kjer nas spremlja prelep razgled na okoli\u0161ke gozdove. Trasa poti nas zapelje mimo kmetije Mo\u010divnik, za katero se odpre travnik z lovsko opazovalnico in tretjo informativno tablo, ki nam pove, kako lahko s kotomerjem izmerimo vi\u0161ino drevesa.<\/p>\n\n\n\n<p><strong>To\u010dka pri kmetiji Fidej, ki je navedena na informativni tabli in v zlo\u017eenki, ni ve\u010d v uporabi, zato na koncu jase Mo\u010divnik sledimo smerokazu, ki vodi po novem delu poti proti slemenu nad kmetijo Viso\u010dnik, kjer se nato pot priklju\u010di \u017ee obstoje\u010di trasi poti pri kmetiji Prijoli\u010d, kjer nas pri\u010daka naslednja informativna tabla.<\/strong> S pomo\u010djo gugalnice ugotavljamo, koliko nihajev naredi posamezna gugalnica. Ko se odpravimo mimo kmetije, kmalu ugledamo&nbsp;<a href=\"https:\/\/www.travel-slovenia.si\/slo\/location\/grad-vodriz\/\" target=\"_blank\" rel=\"noreferrer noopener\">grad Vodri\u017e (oziroma grad Wiederdries)<\/a> na sosednji vzpetini. \u0160e prej pa nas pot pelje mimo grajskega ribnika. Za ovinkom se nam na pot postavi grad Vodri\u017e v vsej svoji mogo\u010dnosti. Kljub temu, da ga je \u017ee na\u010del zob \u010dasa, \u0161e vedno spominja na mogo\u010dno zgradbo, ki je neko\u010d gledala na vse strani.<\/p>\n\n\n\n<p><em>Grad Vodri\u017e je zna\u010dilen gotski grad, ki so ga postavili oglejski fevdniki okoli leta 1300. Vhod v grad je neko\u010d vodil preko grajskega jarka, ki pa danes ni ve\u010d viden. Neko\u010d je imel pomembno vlogo v teh krajih, saj mu je pripadalo preko 111 hektarov obdelovalnih povr\u0161in, od tega 50 hektarov gozda.<\/em> <em>Danes je ob njem postavljeno spominsko obele\u017eje, sam grad pa je vreden ogleda. <\/em>Nekoliko vstran se nahajata \u0161e informativni tabli Zelene poti, ki nadaljujeta zgodbo princa Lovrencija in princese Veronike. Ko odkrijeta tisti grad tam nekje, se z navdu\u0161enjem sprehodita po grajski okolici. <em>Ostanki gradu nazorno prikazujejo nekatere prostore gradu, vendar pa je potrebna previdnost ob raziskovanju zaradi dotrajanosti gradu. Grad se nahaja na strmem kopastem gri\u010du, kar je danes zaradi poraslosti te\u017eko videti. Ob raziskovanju ostankov lahko vidimo ohranjene zgodnjegotske arhitekturne \u010dlene. Mimo gradu se vije \u0161e Evropska pe\u0161pot E 6, ki povezuje Balti\u0161ko morje z Jadranskim morjem. Nekaj minut hoda stran pridemo do druga\u010dne informativne table, in sicer do&nbsp;<\/em><a href=\"https:\/\/www.travel-slovenia.si\/slo\/location\/okrozna-ciklostilna-tehnika-kajuh\/\" target=\"_blank\" rel=\"noreferrer noopener\"><em>okro\u017ene ciklostilne tehnike Kajuh<\/em><\/a><em>. Ker je bila v \u010dasu med drugo svetovno vojno, v \u010dasu okupacije, prepovedana raba slovenskega jezika in pisane besede, se je v ta namen ustanovilo veliko majhnih skrivnih tiskarn, ki so jim v partizanskem \u017eargonu rekli tehnika. Delovale so v skrivnih bunkerjih, navadno v gozdovih, pod svojim skrivnim imenom.<\/em><\/p>\n\n\n\n<p>Zeleno pot se od gradu Vodri\u017e vije po makadamski cesti in nas pripelje do naslednje informativne table in <em>Kokolejeve kapelice,<\/em> <em>ki je bila postavljena v drugi polovici 19. stoletja, v notranjosti katere se nahaja razpelo. <\/em>S pomo\u010djo podatkov na informativni tabli lahko dolo\u010dimo, kolik\u0161no vi\u0161insko razliko smo premagali od za\u010detka poti do te to\u010dke.&nbsp;Tukaj se pot pri\u010dane po\u010dasi spu\u0161\u010dati in se kaj kmalu usmeri v desno, ob naslednji informativni tabli. Naloga tu je, da na zemljevidu pogledamo, kateri so najbli\u017eji kraji glede usmeritev neba. <em>Po poti zasledimo \u0161e znak za Benediktovo pot, ki vodi od benediktinskega samostana \u0160t. Pavel v Labotski dolini preko gozdnih ter poljskih poti in obsega 11 enodnevnih etap.<\/em><\/p>\n\n\n\n<p>Naslednja to\u010dka poti pri kmetiji Kobolt vsebuje vrte\u010do prizmo, s katero obnovimo poznavanje drevesnih vrst. Kmalu se ponovno odpre prelep razgled na okoli\u0161ke hribe, obenem pa pridemo do naslednje informativne table. Tu lahko pogledamo skozi maskoto Loverncija in Veronike ter posku\u0161amo prepoznati vrhove ter kraje. Preko travnika, mimo lovske opazovalnice, nazaj na gozdno pot do ribnika. Tukaj\u0161nja naloga je predvsem za tiste, ki se \u017eelijo poigrati z rimami, ogledati manj\u0161i mlin in dotok vode v ribnik. Pot nas vodi nazaj do kmetije Mo\u010divnik, po makadamski cesti navzdol, kjer smo se na za\u010detku poti vzpenjali proti prej omenjeni kmetiji. Na poti lahko opazimo turn tamkaj\u0161nje&nbsp;<a href=\"https:\/\/www.travel-slovenia.si\/slo\/location\/cerkev-sv-urha-v-podgorju-pri-slovenj-gradcu\/\" target=\"_blank\" rel=\"noreferrer noopener\">\u017eupnijske cerkve Sv. Urha<\/a>. Ob informativni tabli, ki bele\u017ei \u0161tevilo obiskovalcev, zaklju\u010dujemo kro\u017eno pot.<\/p>\n\n\n\n<p><\/p>\n\n\n\n<p>Podrobnosti si lahko preberete in ogledate <a rel=\"noreferrer noopener\" href=\"http:\/\/podgorjesg.splet.arnes.si\/files\/2020\/11\/Zelena-pot-z-zgodbo-od-Podgorja-do-Wiederdriesa_zlozenka.pdf\" target=\"_blank\"><strong>v zlo\u017eenki (pdf povezava)<\/strong><\/a>, ki je v tiskani obliki dostopna tudi v Turisti\u010dni pisarni in na Osnovni \u0161oli Slovenj Gradec.<\/p>\n\n\n\n<p><strong><span class=\"has-inline-color has-vivid-green-cyan-color\">KAKO JE NASTALA ZELENA POT ?<\/span><\/strong><\/p>\n\n\n\n<p><a href=\"https:\/\/ospodgorje.si\/files\/2022\/08\/Projektno-delo_Zelena-pot-z-zgodbo_Majda.pdf\" target=\"_blank\" rel=\"noreferrer noopener\"><strong><strong>Predstavitev projektnega dela \u2013 zelena pot z zgodbo<\/strong><\/strong> (predstavitev v pdf dokumentu)<\/a><\/p>\n\n\n\n<p><strong><span class=\"has-inline-color has-vivid-green-cyan-color\">REPORTA\u017dE, PRISPEVKI, OBJAVE O ZELENI POTI<\/span> <\/strong><\/p>\n\n\n\n<p>Reporta\u017ea iz revije Ognji\u0161\u010de: <a rel=\"noreferrer noopener\" href=\"https:\/\/revija.ognjisce.si\/kazala\/22744-februar-2022\" target=\"_blank\">https:\/\/revija.ognjisce.si\/kazala\/22744-februar-2022<\/a><\/p>\n\n\n\n<p><\/p>\n\n\n\n<p><strong><span class=\"has-inline-color has-vivid-green-cyan-color\">O ZELENI POTI Z ZGODBO NA DRUGIH SPELTNIH STRANEH<\/span><\/strong><\/p>\n\n\n\n<p><a rel=\"noreferrer noopener\" href=\"https:\/\/hudo.com\/si\/2016\/07\/01\/zelena-pot-z-zgodbo\/https:\/\/www.vecer.com\/lokalno\/koroska\/201602126186825-6186825https:\/\/www.mojaobcina.si\/slovenj-gradec\/novice\/otvoritev-zelene-ucne-poti-z-zgodbo.htmlhttps:\/\/www.spotur.si\/Domov\/ArtMID\/773\/ArticleID\/3987http:\/\/www.zgs.si\/obmocne_enote\/slovenj_gradec\/gozdne_ucne_poti\/index.htmlhttps:\/\/travelaroundslovenia.wordpress.com\/od-podgorja-po-zeleni-poti-do-gradu-vodriz-in-dalje-do-slovenj-gradca-ter-velenjskega-jezera\/https:\/\/www.vecerkoroska.com\/vk\/aktualno\/voden-pohod-os-podgorje-zelena-pot-z-zgodbo-od-podgorja-do-wiederdriesa-10007499\" target=\"_blank\">https:\/\/hudo.com\/si\/2016\/07\/01\/zelena-pot-z-zgodbo\/https:\/\/www.vecer.com\/lokalno\/koroska\/201602126186825-6186825<\/a><\/p>\n\n\n\n<p><a href=\"https:\/\/hudo.com\/si\/2016\/07\/01\/zelena-pot-z-zgodbo\/https:\/\/www.vecer.com\/lokalno\/koroska\/201602126186825-6186825https:\/\/www.mojaobcina.si\/slovenj-gradec\/novice\/otvoritev-zelene-ucne-poti-z-zgodbo.htmlhttps:\/\/www.spotur.si\/Domov\/ArtMID\/773\/ArticleID\/3987http:\/\/www.zgs.si\/obmocne_enote\/slovenj_gradec\/gozdne_ucne_poti\/index.htmlhttps:\/\/travelaroundslovenia.wordpress.com\/od-podgorja-po-zeleni-poti-do-gradu-vodriz-in-dalje-do-slovenj-gradca-ter-velenjskega-jezera\/https:\/\/www.vecerkoroska.com\/vk\/aktualno\/voden-pohod-os-podgorje-zelena-pot-z-zgodbo-od-podgorja-do-wiederdriesa-10007499\" target=\"_blank\" rel=\"noreferrer noopener\">https:\/\/www.mojaobcina.si\/slovenj-gradec\/novice\/otvoritev-zelene-ucne-poti-z-zgodbo.htmlhttps:\/\/www.spotur.si\/Domov\/ArtMID\/773\/ArticleID\/3987<\/a><\/p>\n\n\n\n<p><a href=\"https:\/\/hudo.com\/si\/2016\/07\/01\/zelena-pot-z-zgodbo\/https:\/\/www.vecer.com\/lokalno\/koroska\/201602126186825-6186825https:\/\/www.mojaobcina.si\/slovenj-gradec\/novice\/otvoritev-zelene-ucne-poti-z-zgodbo.htmlhttps:\/\/www.spotur.si\/Domov\/ArtMID\/773\/ArticleID\/3987http:\/\/www.zgs.si\/obmocne_enote\/slovenj_gradec\/gozdne_ucne_poti\/index.htmlhttps:\/\/travelaroundslovenia.wordpress.com\/od-podgorja-po-zeleni-poti-do-gradu-vodriz-in-dalje-do-slovenj-gradca-ter-velenjskega-jezera\/https:\/\/www.vecerkoroska.com\/vk\/aktualno\/voden-pohod-os-podgorje-zelena-pot-z-zgodbo-od-podgorja-do-wiederdriesa-10007499\" target=\"_blank\" rel=\"noreferrer noopener\">http:\/\/www.zgs.si\/obmocne_enote\/slovenj_gradec\/gozdne_ucne_poti\/index.html<\/a><\/p>\n\n\n\n<p><a href=\"https:\/\/hudo.com\/si\/2016\/07\/01\/zelena-pot-z-zgodbo\/https:\/\/www.vecer.com\/lokalno\/koroska\/201602126186825-6186825https:\/\/www.mojaobcina.si\/slovenj-gradec\/novice\/otvoritev-zelene-ucne-poti-z-zgodbo.htmlhttps:\/\/www.spotur.si\/Domov\/ArtMID\/773\/ArticleID\/3987http:\/\/www.zgs.si\/obmocne_enote\/slovenj_gradec\/gozdne_ucne_poti\/index.htmlhttps:\/\/travelaroundslovenia.wordpress.com\/od-podgorja-po-zeleni-poti-do-gradu-vodriz-in-dalje-do-slovenj-gradca-ter-velenjskega-jezera\/https:\/\/www.vecerkoroska.com\/vk\/aktualno\/voden-pohod-os-podgorje-zelena-pot-z-zgodbo-od-podgorja-do-wiederdriesa-10007499\" target=\"_blank\" rel=\"noreferrer noopener\">https:\/\/travelaroundslovenia.wordpress.com\/od-podgorja-po-zeleni-poti-do-gradu-vodriz-in-dalje-do-slovenj-gradca-ter-velenjskega-jezera\/<\/a><\/p>\n\n\n\n<p><a href=\"https:\/\/hudo.com\/si\/2016\/07\/01\/zelena-pot-z-zgodbo\/https:\/\/www.vecer.com\/lokalno\/koroska\/201602126186825-6186825https:\/\/www.mojaobcina.si\/slovenj-gradec\/novice\/otvoritev-zelene-ucne-poti-z-zgodbo.htmlhttps:\/\/www.spotur.si\/Domov\/ArtMID\/773\/ArticleID\/3987http:\/\/www.zgs.si\/obmocne_enote\/slovenj_gradec\/gozdne_ucne_poti\/index.htmlhttps:\/\/travelaroundslovenia.wordpress.com\/od-podgorja-po-zeleni-poti-do-gradu-vodriz-in-dalje-do-slovenj-gradca-ter-velenjskega-jezera\/https:\/\/www.vecerkoroska.com\/vk\/aktualno\/voden-pohod-os-podgorje-zelena-pot-z-zgodbo-od-podgorja-do-wiederdriesa-10007499\" target=\"_blank\" rel=\"noreferrer noopener\">https:\/\/www.vecerkoroska.com\/vk\/aktualno\/voden-pohod-os-podgorje-zelena-pot-z-zgodbo-od-podgorja-do-wiederdriesa-10007499<\/a><\/p>\n","protected":false},"excerpt":{"rendered":"<p>Zelena pot z zgodbo od Podgorja do Wiederdriesa (Vodri\u017ea) je \u0161olska u\u010dna pot, ki jo je v letu 2016 v okviru projektne dejavnosti vzpostavila Osnovna \u0161ola Podgorje pri Slovenj Gradcu v sodelovanju z ZGS&#46;&#46;&#46;<\/p>\n","protected":false},"author":25249,"featured_media":0,"parent":0,"menu_order":0,"comment_status":"closed","ping_status":"closed","template":"","meta":{"ngg_post_thumbnail":0,"footnotes":""},"class_list":["post-561","page","type-page","status-publish","hentry"],"_links":{"self":[{"href":"https:\/\/ospodgorje.si\/index.php?rest_route=\/wp\/v2\/pages\/561","targetHints":{"allow":["GET"]}}],"collection":[{"href":"https:\/\/ospodgorje.si\/index.php?rest_route=\/wp\/v2\/pages"}],"about":[{"href":"https:\/\/ospodgorje.si\/index.php?rest_route=\/wp\/v2\/types\/page"}],"author":[{"embeddable":true,"href":"https:\/\/ospodgorje.si\/index.php?rest_route=\/wp\/v2\/users\/25249"}],"replies":[{"embeddable":true,"href":"https:\/\/ospodgorje.si\/index.php?rest_route=%2Fwp%2Fv2%2Fcomments&post=561"}],"version-history":[{"count":13,"href":"https:\/\/ospodgorje.si\/index.php?rest_route=\/wp\/v2\/pages\/561\/revisions"}],"predecessor-version":[{"id":2531,"href":"https:\/\/ospodgorje.si\/index.php?rest_route=\/wp\/v2\/pages\/561\/revisions\/2531"}],"wp:attachment":[{"href":"https:\/\/ospodgorje.si\/index.php?rest_route=%2Fwp%2Fv2%2Fmedia&parent=561"}],"curies":[{"name":"wp","href":"https:\/\/api.w.org\/{rel}","templated":true}]}}